{"id":5707,"date":"2015-02-19T09:48:19","date_gmt":"2015-02-19T09:48:19","guid":{"rendered":"http:\/\/demo2.wpresidence.net\/?page_id=5707"},"modified":"2023-06-13T11:28:54","modified_gmt":"2023-06-13T11:28:54","slug":"contact-us","status":"publish","type":"page","link":"https:\/\/lainmobiliariaboutique.com\/index.php\/contact-us\/","title":{"rendered":"Contacto"},"content":{"rendered":"\t\t<div data-elementor-type=\"wp-page\" data-elementor-id=\"5707\" class=\"elementor elementor-5707\" data-elementor-post-type=\"page\">\n\t\t\t\t\t\t<section class=\"elementor-section elementor-top-section elementor-element elementor-element-4da44b8c elementor-section-boxed elementor-section-height-default elementor-section-height-default\" data-id=\"4da44b8c\" data-element_type=\"section\" data-e-type=\"section\">\n\t\t\t\t\t\t<div class=\"elementor-container elementor-column-gap-default\">\n\t\t\t\t\t<div class=\"elementor-column elementor-col-100 elementor-top-column elementor-element elementor-element-677f2d60\" data-id=\"677f2d60\" data-element_type=\"column\" data-e-type=\"column\">\n\t\t\t<div class=\"elementor-widget-wrap elementor-element-populated\">\n\t\t\t\t\t\t<div class=\"elementor-element elementor-element-7933aea1 elementor-widget elementor-widget-text-editor\" data-id=\"7933aea1\" data-element_type=\"widget\" data-e-type=\"widget\" data-widget_type=\"text-editor.default\">\n\t\t\t\t<div class=\"elementor-widget-container\">\n\t\t\t\t\t\t\t\t\t<span><span class=\"\">Ya sea que est\u00e9 buscando una propiedad en venta en el \u00e1rea de Torrevieja o una propiedad en alquiler. <\/span><span class=\"\">Utilice nuestra exclusiva funci\u00f3n de mapeo de geolocalizaci\u00f3n para encontrar su villa, casa adosada o apartamento ideal y comun\u00edquese directamente con los propietarios.\u00a0<\/span>Te ayudaremos a encontrar la casa de tus sue\u00f1os en tan solo unos segundos.<\/span>\n\n<span>Ofrecemos a nuestros clientes una gran cantidad de conocimientos sobre todos los aspectos de la compra o venta de una casa.\u00a0<span class=\"\">Ya sea para ayudarlo a buscar la casa de sus sue\u00f1os, discutir nuevos desarrollos inmobiliarios en Nueva York o ayudarlo con la venta de su propiedad, nos encantar\u00eda tener la oportunidad de ayudarlo.\u00a0<\/span>\u00a1Por favor, si\u00e9ntase libre de contactarnos con cualquier pregunta!<\/span>\t\t\t\t\t\t\t\t<\/div>\n\t\t\t\t<\/div>\n\t\t\t\t\t<\/div>\n\t\t<\/div>\n\t\t\t\t\t<\/div>\n\t\t<\/section>\n\t\t\t\t<\/div>\n\t\t","protected":false},"excerpt":{"rendered":"<p>Ya sea que est\u00e9 buscando una propiedad en venta en el \u00e1rea de Torrevieja o una propiedad en alquiler. Utilice nuestra exclusiva funci\u00f3n de mapeo de geolocalizaci\u00f3n para encontrar su villa, casa adosada o apartamento ideal y comun\u00edquese directamente con los propietarios.\u00a0Te ayudaremos a encontrar la casa de tus sue\u00f1os en tan solo unos segundos. Ofrecemos a nuestros clientes una gran cantidad de conocimientos &#8230;<\/p>\n","protected":false},"author":1,"featured_media":0,"parent":0,"menu_order":0,"comment_status":"open","ping_status":"open","template":"","meta":{"rs_blank_template":"","rs_page_bg_color":"","slide_template_v7":"","inline_featured_image":false,"_monsterinsights_skip_tracking":false,"_monsterinsights_sitenote_active":false,"_monsterinsights_sitenote_note":"","_monsterinsights_sitenote_category":0,"footnotes":""},"class_list":["post-5707","page","type-page","status-publish","hentry"],"yoast_head":"<!-- This site is optimized with the Yoast SEO Premium plugin v27.5 (Yoast SEO v27.4) - https:\/\/yoast.com\/product\/yoast-seo-premium-wordpress\/ -->\n<title>Contacto - lainmobiliariaboutique.com<\/title>\n<meta name=\"robots\" content=\"index, follow, max-snippet:-1, max-image-preview:large, max-video-preview:-1\" \/>\n<link rel=\"canonical\" href=\"https:\/\/lainmobiliariaboutique.com\/index.php\/contact-us\/\" \/>\n<meta property=\"og:locale\" content=\"es_ES\" \/>\n<meta property=\"og:type\" content=\"article\" \/>\n<meta property=\"og:title\" content=\"Contacto - lainmobiliariaboutique.com\" \/>\n<meta property=\"og:description\" content=\"Ya sea que est\u00e9 buscando una propiedad en venta en el \u00e1rea de Torrevieja o una propiedad en alquiler. Utilice nuestra exclusiva funci\u00f3n de mapeo de geolocalizaci\u00f3n para encontrar su villa, casa adosada o apartamento ideal y comun\u00edquese directamente con los propietarios.\u00a0Te ayudaremos a encontrar la casa de tus sue\u00f1os en tan solo unos segundos. Ofrecemos a nuestros clientes una gran cantidad de conocimientos ...\" \/>\n<meta property=\"og:url\" content=\"https:\/\/lainmobiliariaboutique.com\/index.php\/contact-us\/\" \/>\n<meta property=\"og:site_name\" content=\"lainmobiliariaboutique.com\" \/>\n<meta property=\"article:modified_time\" content=\"2023-06-13T11:28:54+00:00\" \/>\n<meta name=\"twitter:card\" content=\"summary_large_image\" \/>\n<meta name=\"twitter:label1\" content=\"Tiempo de lectura\" \/>\n\t<meta name=\"twitter:data1\" content=\"1 minuto\" \/>\n<script type=\"application\/ld+json\" class=\"yoast-schema-graph\">{\"@context\":\"https:\\\/\\\/schema.org\",\"@graph\":[{\"@type\":\"WebPage\",\"@id\":\"https:\\\/\\\/lainmobiliariaboutique.com\\\/index.php\\\/contact-us\\\/\",\"url\":\"https:\\\/\\\/lainmobiliariaboutique.com\\\/index.php\\\/contact-us\\\/\",\"name\":\"Contacto - lainmobiliariaboutique.com\",\"isPartOf\":{\"@id\":\"https:\\\/\\\/lainmobiliariaboutique.com\\\/#website\"},\"datePublished\":\"2015-02-19T09:48:19+00:00\",\"dateModified\":\"2023-06-13T11:28:54+00:00\",\"breadcrumb\":{\"@id\":\"https:\\\/\\\/lainmobiliariaboutique.com\\\/index.php\\\/contact-us\\\/#breadcrumb\"},\"inLanguage\":\"es\",\"potentialAction\":[{\"@type\":\"ReadAction\",\"target\":[\"https:\\\/\\\/lainmobiliariaboutique.com\\\/index.php\\\/contact-us\\\/\"]}]},{\"@type\":\"BreadcrumbList\",\"@id\":\"https:\\\/\\\/lainmobiliariaboutique.com\\\/index.php\\\/contact-us\\\/#breadcrumb\",\"itemListElement\":[{\"@type\":\"ListItem\",\"position\":1,\"name\":\"Home\",\"item\":\"https:\\\/\\\/lainmobiliariaboutique.com\\\/\"},{\"@type\":\"ListItem\",\"position\":2,\"name\":\"Contacto\"}]},{\"@type\":\"WebSite\",\"@id\":\"https:\\\/\\\/lainmobiliariaboutique.com\\\/#website\",\"url\":\"https:\\\/\\\/lainmobiliariaboutique.com\\\/\",\"name\":\"lainmobiliariaboutique.com\",\"description\":\"\",\"publisher\":{\"@id\":\"https:\\\/\\\/lainmobiliariaboutique.com\\\/#organization\"},\"potentialAction\":[{\"@type\":\"SearchAction\",\"target\":{\"@type\":\"EntryPoint\",\"urlTemplate\":\"https:\\\/\\\/lainmobiliariaboutique.com\\\/?s={search_term_string}\"},\"query-input\":{\"@type\":\"PropertyValueSpecification\",\"valueRequired\":true,\"valueName\":\"search_term_string\"}}],\"inLanguage\":\"es\"},{\"@type\":[\"Organization\",\"Place\"],\"@id\":\"https:\\\/\\\/lainmobiliariaboutique.com\\\/#organization\",\"name\":\"lainmobiliariaboutique.com\",\"url\":\"https:\\\/\\\/lainmobiliariaboutique.com\\\/\",\"logo\":{\"@id\":\"https:\\\/\\\/lainmobiliariaboutique.com\\\/index.php\\\/contact-us\\\/#local-main-organization-logo\"},\"image\":{\"@id\":\"https:\\\/\\\/lainmobiliariaboutique.com\\\/index.php\\\/contact-us\\\/#local-main-organization-logo\"},\"address\":{\"@id\":\"https:\\\/\\\/lainmobiliariaboutique.com\\\/index.php\\\/contact-us\\\/#local-main-place-address\"},\"telephone\":[\"632505656\"],\"openingHoursSpecification\":[{\"@type\":\"OpeningHoursSpecification\",\"dayOfWeek\":[\"Monday\",\"Tuesday\",\"Wednesday\",\"Thursday\",\"Friday\",\"Saturday\",\"Sunday\"],\"opens\":\"09:00\",\"closes\":\"17:00\"}],\"email\":\"antonio@doolao.org\"},{\"@type\":\"PostalAddress\",\"@id\":\"https:\\\/\\\/lainmobiliariaboutique.com\\\/index.php\\\/contact-us\\\/#local-main-place-address\",\"streetAddress\":\"C\\\/ COVADONGA 52\",\"addressLocality\":\"Torrevieja\",\"postalCode\":\"03186\",\"addressRegion\":\"espa\u00f1a\",\"addressCountry\":\"ES\"},{\"@type\":\"ImageObject\",\"inLanguage\":\"es\",\"@id\":\"https:\\\/\\\/lainmobiliariaboutique.com\\\/index.php\\\/contact-us\\\/#local-main-organization-logo\",\"url\":\"https:\\\/\\\/lainmobiliariaboutique.com\\\/wp-content\\\/uploads\\\/2026\\\/04\\\/EUROREP2.jpg\",\"contentUrl\":\"https:\\\/\\\/lainmobiliariaboutique.com\\\/wp-content\\\/uploads\\\/2026\\\/04\\\/EUROREP2.jpg\",\"width\":78,\"height\":71,\"caption\":\"lainmobiliariaboutique.com\"}]}<\/script>\n<meta name=\"geo.placename\" content=\"Torrevieja\" \/>\n<meta name=\"geo.region\" content=\"Espa\u00f1a\" \/>\n<!-- \/ Yoast SEO Premium plugin. -->","yoast_head_json":{"title":"Contacto - lainmobiliariaboutique.com","robots":{"index":"index","follow":"follow","max-snippet":"max-snippet:-1","max-image-preview":"max-image-preview:large","max-video-preview":"max-video-preview:-1"},"canonical":"https:\/\/lainmobiliariaboutique.com\/index.php\/contact-us\/","og_locale":"es_ES","og_type":"article","og_title":"Contacto - lainmobiliariaboutique.com","og_description":"Ya sea que est\u00e9 buscando una propiedad en venta en el \u00e1rea de Torrevieja o una propiedad en alquiler. Utilice nuestra exclusiva funci\u00f3n de mapeo de geolocalizaci\u00f3n para encontrar su villa, casa adosada o apartamento ideal y comun\u00edquese directamente con los propietarios.\u00a0Te ayudaremos a encontrar la casa de tus sue\u00f1os en tan solo unos segundos. Ofrecemos a nuestros clientes una gran cantidad de conocimientos ...","og_url":"https:\/\/lainmobiliariaboutique.com\/index.php\/contact-us\/","og_site_name":"lainmobiliariaboutique.com","article_modified_time":"2023-06-13T11:28:54+00:00","twitter_card":"summary_large_image","twitter_misc":{"Tiempo de lectura":"1 minuto"},"schema":{"@context":"https:\/\/schema.org","@graph":[{"@type":"WebPage","@id":"https:\/\/lainmobiliariaboutique.com\/index.php\/contact-us\/","url":"https:\/\/lainmobiliariaboutique.com\/index.php\/contact-us\/","name":"Contacto - lainmobiliariaboutique.com","isPartOf":{"@id":"https:\/\/lainmobiliariaboutique.com\/#website"},"datePublished":"2015-02-19T09:48:19+00:00","dateModified":"2023-06-13T11:28:54+00:00","breadcrumb":{"@id":"https:\/\/lainmobiliariaboutique.com\/index.php\/contact-us\/#breadcrumb"},"inLanguage":"es","potentialAction":[{"@type":"ReadAction","target":["https:\/\/lainmobiliariaboutique.com\/index.php\/contact-us\/"]}]},{"@type":"BreadcrumbList","@id":"https:\/\/lainmobiliariaboutique.com\/index.php\/contact-us\/#breadcrumb","itemListElement":[{"@type":"ListItem","position":1,"name":"Home","item":"https:\/\/lainmobiliariaboutique.com\/"},{"@type":"ListItem","position":2,"name":"Contacto"}]},{"@type":"WebSite","@id":"https:\/\/lainmobiliariaboutique.com\/#website","url":"https:\/\/lainmobiliariaboutique.com\/","name":"lainmobiliariaboutique.com","description":"","publisher":{"@id":"https:\/\/lainmobiliariaboutique.com\/#organization"},"potentialAction":[{"@type":"SearchAction","target":{"@type":"EntryPoint","urlTemplate":"https:\/\/lainmobiliariaboutique.com\/?s={search_term_string}"},"query-input":{"@type":"PropertyValueSpecification","valueRequired":true,"valueName":"search_term_string"}}],"inLanguage":"es"},{"@type":["Organization","Place"],"@id":"https:\/\/lainmobiliariaboutique.com\/#organization","name":"lainmobiliariaboutique.com","url":"https:\/\/lainmobiliariaboutique.com\/","logo":{"@id":"https:\/\/lainmobiliariaboutique.com\/index.php\/contact-us\/#local-main-organization-logo"},"image":{"@id":"https:\/\/lainmobiliariaboutique.com\/index.php\/contact-us\/#local-main-organization-logo"},"address":{"@id":"https:\/\/lainmobiliariaboutique.com\/index.php\/contact-us\/#local-main-place-address"},"telephone":["632505656"],"openingHoursSpecification":[{"@type":"OpeningHoursSpecification","dayOfWeek":["Monday","Tuesday","Wednesday","Thursday","Friday","Saturday","Sunday"],"opens":"09:00","closes":"17:00"}],"email":"antonio@doolao.org"},{"@type":"PostalAddress","@id":"https:\/\/lainmobiliariaboutique.com\/index.php\/contact-us\/#local-main-place-address","streetAddress":"C\/ COVADONGA 52","addressLocality":"Torrevieja","postalCode":"03186","addressRegion":"espa\u00f1a","addressCountry":"ES"},{"@type":"ImageObject","inLanguage":"es","@id":"https:\/\/lainmobiliariaboutique.com\/index.php\/contact-us\/#local-main-organization-logo","url":"https:\/\/lainmobiliariaboutique.com\/wp-content\/uploads\/2026\/04\/EUROREP2.jpg","contentUrl":"https:\/\/lainmobiliariaboutique.com\/wp-content\/uploads\/2026\/04\/EUROREP2.jpg","width":78,"height":71,"caption":"lainmobiliariaboutique.com"}]},"geo.placename":"Torrevieja","geo.region":"Espa\u00f1a"},"amp_enabled":true,"_links":{"self":[{"href":"https:\/\/lainmobiliariaboutique.com\/index.php\/wp-json\/wp\/v2\/pages\/5707","targetHints":{"allow":["GET"]}}],"collection":[{"href":"https:\/\/lainmobiliariaboutique.com\/index.php\/wp-json\/wp\/v2\/pages"}],"about":[{"href":"https:\/\/lainmobiliariaboutique.com\/index.php\/wp-json\/wp\/v2\/types\/page"}],"author":[{"embeddable":true,"href":"https:\/\/lainmobiliariaboutique.com\/index.php\/wp-json\/wp\/v2\/users\/1"}],"replies":[{"embeddable":true,"href":"https:\/\/lainmobiliariaboutique.com\/index.php\/wp-json\/wp\/v2\/comments?post=5707"}],"version-history":[{"count":3,"href":"https:\/\/lainmobiliariaboutique.com\/index.php\/wp-json\/wp\/v2\/pages\/5707\/revisions"}],"predecessor-version":[{"id":22333,"href":"https:\/\/lainmobiliariaboutique.com\/index.php\/wp-json\/wp\/v2\/pages\/5707\/revisions\/22333"}],"wp:attachment":[{"href":"https:\/\/lainmobiliariaboutique.com\/index.php\/wp-json\/wp\/v2\/media?parent=5707"}],"curies":[{"name":"wp","href":"https:\/\/api.w.org\/{rel}","templated":true}]}}